{"id":71,"date":"2018-05-30T17:33:18","date_gmt":"2018-05-30T15:33:18","guid":{"rendered":"https:\/\/coinvest.finance\/relaunch\/?page_id=71"},"modified":"2022-12-30T20:29:28","modified_gmt":"2022-12-30T19:29:28","slug":"impressum","status":"publish","type":"page","link":"https:\/\/coinvest.lu\/2022\/impressum\/","title":{"rendered":"Impressum"},"content":{"rendered":"<section id=\"bt_bb_section69d39ca572e1a\" data-parallax=\"0.6\" data-parallax-offset=\"0\" class=\"bt_bb_section bt_bb_top_spacing_large bt_bb_bottom_spacing_large bt_bb_layout_boxed_1200 bt_bb_vertical_align_top bt_bb_parallax bt_bb_background_image bt_bb_background_overlay_light_solid\" style=\"background-image:url('https:\/\/coinvest.lu\/2022\/wp-content\/uploads\/2021\/09\/portfolio_img_15-1.jpg');\"><div class=\"bt_bb_port\"><div class=\"bt_bb_cell\"><div class=\"bt_bb_cell_inner\"><div class=\"bt_bb_row_wrapper\"><div class=\"bt_bb_row\"><div class=\"bt_bb_column col-xl-12 bt_bb_vertical_align_top bt_bb_align_left bt_bb_padding_normal\" data-width=\"12\" data-bt-override-class=\"{}\"><div class=\"bt_bb_column_content\"><div class=\"bt_bb_column_content_inner\"><div class=\"bt_bb_row_inner\"><div class=\"bt_bb_column_inner col-xl-12 bt_bb_align_left bt_bb_vertical_align_top\" data-width=\"12\" data-bt-override-class=\"{}\"><div class=\"bt_bb_column_inner_content\"><div class=\"bt_bb_separator bt_bb_border_style_none bt_bb_top_spacing_large bt_bb_bottom_spacing_large\" data-bt-override-class=\"null\"><\/div><header class=\"bt_bb_headline bt_bb_dash_none bt_bb_size_large bt_bb_align_inherit\" data-bt-override-class=\"{&quot;bt_bb_size_&quot;:{&quot;current_class&quot;:&quot;bt_bb_size_large&quot;,&quot;xl&quot;:&quot;large&quot;},&quot;bt_bb_align_&quot;:{&quot;current_class&quot;:&quot;bt_bb_align_inherit&quot;,&quot;xl&quot;:&quot;inherit&quot;}}\"><h1 class=\"bt_bb_headline_tag\"><span class=\"bt_bb_headline_content\"><span><strong>Impressum<\/strong><\/span><\/span><\/h1><\/header><\/div><\/div><\/div><\/div><\/div><\/div><\/div><\/div><\/div><\/div><\/div><\/section><section id=\"bt_bb_section69d39ca5732b0\" class=\"bt_bb_section bt_bb_layout_boxed_1200 bt_bb_vertical_align_top bt_bb_hidden_xs bt_bb_hidden_ms bt_bb_hidden_sm\"><div class=\"bt_bb_port\"><div class=\"bt_bb_cell\"><div class=\"bt_bb_cell_inner\"><div class=\"bt_bb_row_wrapper\"><div class=\"bt_bb_row\"><div class=\"bt_bb_column col-xl-2 bt_bb_vertical_align_top bt_bb_align_left bt_bb_padding_normal\" data-width=\"2\" data-bt-override-class=\"{}\"><div class=\"bt_bb_column_content\"><div class=\"bt_bb_column_content_inner\"><\/div><\/div><\/div><div class=\"bt_bb_column col-xl-8 bt_bb_vertical_align_top bt_bb_align_left bt_bb_padding_normal\" data-width=\"8\" data-bt-override-class=\"{}\"><div class=\"bt_bb_column_content\"><div class=\"bt_bb_column_content_inner\"><div class=\"bt_bb_separator bt_bb_border_style_none bt_bb_top_spacing_large\" data-bt-override-class=\"null\"><\/div><div class=\"bt_bb_text\"><div>\n<p><strong>Co Invest Beteili\u00adgungs\u00adman\u00adage\u00adment Lux\u00adem\u00adbourg S.\u00e0 r.l.<\/strong><br>\n54, route du&nbsp;vin<br>\nL\u20115445 Schengen<\/p>\n<p>Tele\u00adfon: +352 24 83 11\u201350<br>\nTele\u00adfax: +352 24 83 11\u201359<br>\n<a>info [at] coin\u00advest [dot]&nbsp;lu<\/a><\/p>\n<p><strong> Man\u00adag\u00ading Director<\/strong><br>\nDr. Marc Hen\u00adning Diekmann<br>\nDr. Rein\u00adhard Krafft<\/p>\n<p><strong>Einge\u00adtra\u00adgen im Han\u00addel\u00adsreg\u00adis\u00adter \/ R.C.S. Lux\u00adem\u00adburg: B 142319<\/strong><br>\nVAT-ID-Num\u00admer: <span class=\"caps\">LU<\/span> 23894367<\/p>\n<p>If you have any ques\u00adtions about this site and its con\u00adtent or if you would like to con\u00adtact CoIn\u00advest s.\u00e0.r.l., please con\u00adsult the <a title=\"Kontakt\" href=\"https:\/\/coinvest.lu\/wp\/kontakt\/\">con\u00adtact<\/a> page which pro\u00advides all the nec\u00ades\u00adsary infor\u00adma\u00adtion. The whole of this site falls with\u00adin cur\u00adrent leg\u00adis\u00adla\u00adtion relat\u00ading to copy\u00adright and intel\u00adlec\u00adtu\u00adal prop\u00ader\u00adty rights. All rights of repro\u00adduc\u00adtion are reserved in rela\u00adtion to the texts, graph\u00adics and pho\u00adtos used on this site. The repro\u00adduc\u00adtion of all or part of this site on an elec\u00adtron\u00adic medi\u00adum or any oth\u00ader medi\u00adum of any descrip\u00adtion is for\u00admal\u00adly pro\u00adhib\u00adit\u00aded with\u00adout the express autho\u00adri\u00adsa\u00adtion of CoIn\u00advest s.\u00e0.r.l.<\/p>\n<p><strong>Cre\u00adat\u00aded&nbsp;by:<\/strong><br>\nmp mar\u00adket\u00ading <span class=\"amp\">&amp;<\/span> pro\u00admo\u00adtion&nbsp;GmbH<br>\nBr\u00e4uhausstra\u00dfe 4&nbsp;b<br>\n82152 Planegg<br>\n<a>info [at] mp-mar\u00adket\u00ading [dot]&nbsp;com<\/a><\/p>\n<\/div>\n<\/div><div class=\"bt_bb_separator bt_bb_border_style_none bt_bb_top_spacing_normal bt_bb_bottom_spacing_normal\" data-bt-override-class=\"null\"><\/div><header class=\"bt_bb_headline bt_bb_dash_none bt_bb_size_small bt_bb_align_left\" data-bt-override-class=\"{}\"><h1 class=\"bt_bb_headline_tag\"><span class=\"bt_bb_headline_content\"><span><strong>Disclaimer \/ Haftungsausschluss<\/strong><\/span><\/span><\/h1><\/header><div class=\"bt_bb_separator bt_bb_border_style_none bt_bb_bottom_spacing_small\" data-bt-override-class=\"null\"><\/div><div class=\"bt_bb_text\"><p><strong>Inhalt des Onlineangebotes<\/strong><br>\nCOINVEST BETEILIGUNGSMANAGEMENT LUXEMBOURG S. \u00c0 R. L. (CoIn\u00advest Lux) \u00fcbern\u00adimmt kein\u00ader\u00adlei Gew\u00e4hr f\u00fcr die Aktu\u00adal\u00adit\u00e4t, Kor\u00adrek\u00adtheit, Voll\u00adst\u00e4ndigkeit oder Qual\u00adit\u00e4t der bere\u00adit\u00adgestell\u00adten Infor\u00adma\u00adtio\u00adnen. Haf\u00adtungsanspr\u00fcche gegen COINVEST LUX, welche sich auf Sch\u00e4\u00adden materieller oder ideeller Art beziehen, die durch die Nutzung oder Nicht\u00adnutzung der darge\u00adbote\u00adnen Infor\u00adma\u00adtio\u00adnen bzw. durch die Nutzung fehler\u00adhafter und unvoll\u00adst\u00e4ndi\u00adger Infor\u00adma\u00adtio\u00adnen verur\u00adsacht wur\u00adden, sind grund\u00ads\u00e4t\u00adzlich aus\u00adgeschlossen, sofern seit\u00adens der COINVEST LUX kein nach\u00adweis\u00adlich vors\u00e4t\u00adzlich\u00ades oder grob fahrl\u00e4s\u00adsiges Ver\u00adschulden vorliegt.<\/p>\n<p>Alle Ange\u00adbote sind freibleibend und unverbindlich. COINVEST LUX beh\u00e4lt es sich aus\u00addr\u00fcck\u00adlich vor, Teile der Seit\u00aden oder das gesamte Ange\u00adbot ohne geson\u00adderte Ank\u00fcndi\u00adgung zu ver\u00e4n\u00addern, zu erg\u00e4nzen, zu l\u00f6schen oder die Ver\u00f6f\u00adfentlichung zeitweise oder endg\u00fcltig einzustellen.<\/p>\n<p><strong>Ver\u00adweise und&nbsp;Links<\/strong><br>\nBei direk\u00adten oder indi\u00adrek\u00adten Ver\u00adweisen auf fremde Inter\u00adnet\u00adseit\u00aden (\u201cLinks\u201d), die au\u00dfer\u00adhalb des Ver\u00adant\u00adwor\u00adtungs\u00adbere\u00adich\u00ades der&nbsp;COINVEST LUX liegen, w\u00fcrde eine Haf\u00adtungsverpflich\u00adtung auss\u00adchlie\u00dflich in dem Fall in Kraft treten, in dem die&nbsp;COINVEST LUX von den Inhal\u00adten Ken\u00adnt\u00adnis hat und es ihr tech\u00adnisch m\u00f6glich und zumut\u00adbar w\u00e4re, die Nutzung im Falle rechtswidriger Inhalte zu ver\u00adhin\u00addern.&nbsp;COINVEST LUX erk\u00adl\u00e4rt hier\u00admit aus\u00addr\u00fcck\u00adlich, dass zum Zeit\u00adpunkt der Linkset\u00adzung keine ille\u00adgalen Inhalte auf den zu ver\u00adlink\u00adenden Seit\u00aden erkennbar waren. Auf die aktuelle und zuk\u00fcn\u00adftige Gestal\u00adtung, die Inhalte oder die Urhe\u00adber\u00adschaft der gelinkten\/verkn\u00fcpften Seit\u00aden hat&nbsp;COINVEST LUX kein\u00ader\u00adlei Ein\u00adfluss. Deshalb dis\u00adtanziert sie sich hier\u00admit aus\u00addr\u00fcck\u00adlich von allen Inhal\u00adten aller gelinkten\/verkn\u00fcpften Seit\u00aden, die nach der Linkset\u00adzung ver\u00e4n\u00addert wur\u00adden. Diese Fest\u00adstel\u00adlung gilt f\u00fcr alle inner\u00adhalb des eige\u00adnen Inter\u00adne\u00adtange\u00adbotes geset\u00adzten Links und Ver\u00adweise sowie f\u00fcr Fremdein\u00adtr\u00e4ge in von&nbsp;COINVEST LUX ein\u00adgerichteten G\u00e4ste\u00adb\u00fcch\u00adern, Diskus\u00adsions\u00adforen oder Mail\u00adinglis\u00adten. F\u00fcr ille\u00adgale, fehler\u00adhafte oder unvoll\u00adst\u00e4ndi\u00adge Inhalte und ins\u00adbeson\u00addere f\u00fcr Sch\u00e4\u00adden, die aus der Nutzung oder Nicht\u00adnutzung solcher\u00adart darge\u00adboten\u00ader Infor\u00adma\u00adtio\u00adnen entste\u00adhen, haftet allein der Anbi\u00adeter der Seite, auf welche ver\u00adwiesen wurde, nicht der\u00adjenige, der \u00fcber Links auf die jew\u00adeilige Ver\u00f6f\u00adfentlichung lediglich verweist.<\/p>\n<p><strong>Urhe\u00adber- und Kennzeichenrecht<\/strong><br>\nCOINVEST LUX ist bestrebt, in allen Pub\u00adlika\u00adtio\u00adnen die Urhe\u00adber\u00adrechte der ver\u00adwen\u00adde\u00adten Grafiken, Ton\u00addoku\u00admente, Videose\u00adquen\u00adzen und Texte zu beacht\u00aden, von ihr selb\u00adst erstellte Grafiken, Ton\u00addoku\u00admente, Videose\u00adquen\u00adzen und Texte zu nutzen oder auf lizen\u00adzfreie Grafiken, Ton\u00addoku\u00admente, Videose\u00adquen\u00adzen und Texte zur\u00fcckzugreifen.<\/p>\n<p>Alle inner\u00adhalb des Inter\u00adne\u00adtange\u00adbotes genan\u00adnten und ggf. durch Dritte gesch\u00fctzten Marken- und Waren\u00adze\u00adichen unter\u00adliegen uneingeschr\u00e4nkt den Bes\u00adtim\u00admungen des jew\u00adeils g\u00fclti\u00adgen Kennze\u00adichen\u00adrechts und den Besitzrecht\u00aden der jew\u00adeili\u00adgen einge\u00adtra\u00adge\u00adnen Eigen\u00adt\u00fcmer. Allein auf\u00adgrund der blo\u00dfen Nen\u00adnung ist nicht der Schluss zu ziehen, dass Marken\u00adze\u00adichen nicht durch Rechte Drit\u00adter gesch\u00fctzt sind!<\/p>\n<p>Das Copy\u00adright f\u00fcr ver\u00f6f\u00adfentlichte, von&nbsp;COINVEST LUX selb\u00adst erstellte Objek\u00adte bleibt allein bei der&nbsp;COINVEST LUX und damit bei dem Autor der Seit\u00aden. Eine Vervielf\u00e4l\u00adti\u00adgung oder Ver\u00adwen\u00addung solch\u00ader Grafiken, Ton\u00addoku\u00admente, Videose\u00adquen\u00adzen und Texte in anderen elek\u00adtro\u00adn\u00adis\u00adchen oder gedruck\u00adten Pub\u00adlika\u00adtio\u00adnen ist ohne aus\u00addr\u00fcck\u00adliche Zus\u00adtim\u00admung der&nbsp;COINVEST LUX nicht gestattet.<\/p>\n<p><strong>Rechtswirk\u00adsamkeit dieses Haftungsausschlusses<\/strong><br>\nDieser Haf\u00adtungsauss\u00adchluss ist als Teil des Inter\u00adne\u00adtange\u00adbotes zu betra\u00adcht\u00aden, von dem aus auf diese Seite ver\u00adwiesen wurde. Sofern Teile oder einzelne For\u00admulierun\u00adgen dieses Textes der gel\u00adtenden Recht\u00adslage nicht, nicht mehr oder nicht voll\u00adst\u00e4ndig entsprechen soll\u00adten, bleiben die \u00fcbri\u00adgen Teile des Doku\u00admentes in ihrem Inhalt und ihrer G\u00fcltigkeit davon unber\u00fchrt.<\/p>\n<\/div><div class=\"bt_bb_separator bt_bb_border_style_none bt_bb_bottom_spacing_normal\" data-bt-override-class=\"null\"><\/div><\/div><\/div><\/div><div class=\"bt_bb_column col-xl-2 bt_bb_vertical_align_top bt_bb_align_left bt_bb_padding_normal\" data-width=\"2\" data-bt-override-class=\"{}\"><div class=\"bt_bb_column_content\"><div class=\"bt_bb_column_content_inner\"><\/div><\/div><\/div><\/div><\/div><\/div><\/div><\/div><\/section><section id=\"bt_bb_section69d39ca57397c\" class=\"bt_bb_section bt_bb_layout_boxed_1000 bt_bb_vertical_align_top bt_bb_hidden_md bt_bb_hidden_lg\"><div class=\"bt_bb_port\"><div class=\"bt_bb_cell\"><div class=\"bt_bb_cell_inner\"><div class=\"bt_bb_row_wrapper\"><div class=\"bt_bb_row\"><div class=\"bt_bb_column col-xl-3 bt_bb_vertical_align_top bt_bb_align_left bt_bb_padding_normal\" data-width=\"3\" data-bt-override-class=\"{}\"><div class=\"bt_bb_column_content\"><div class=\"bt_bb_column_content_inner\"><\/div><\/div><\/div><div class=\"bt_bb_column col-xl-6 bt_bb_vertical_align_top bt_bb_align_left bt_bb_padding_normal\" data-width=\"6\" data-bt-override-class=\"{}\"><div class=\"bt_bb_column_content\"><div class=\"bt_bb_column_content_inner\"><div class=\"bt_bb_separator bt_bb_border_style_none bt_bb_top_spacing_large\" data-bt-override-class=\"null\"><\/div><div class=\"bt_bb_text\"><div>\n<p><strong>Co Invest Beteili\u00adgungs\u00adman\u00adage\u00adment Lux\u00adem\u00adbourg S.\u00e0 r.l.<\/strong><br>\n54, route du&nbsp;vin<br>\nL\u20115445 Schengen<\/p>\n<p>Tele\u00adfon: +352 24 83 11\u201350<br>\nTele\u00adfax: +352 24 83 11\u201359<br>\n<a>info [at] coin\u00advest [dot]&nbsp;lu<\/a><\/p>\n<p><strong> Man\u00adag\u00ading Director<\/strong><br>\nDr. Marc Hen\u00adning Diekmann<br>\nDr. Rein\u00adhard Krafft<\/p>\n<p><strong>Einge\u00adtra\u00adgen im Han\u00addel\u00adsreg\u00adis\u00adter \/ R.C.S. Lux\u00adem\u00adburg: B 142319<\/strong><br>\nVAT-ID-Num\u00admer: <span class=\"caps\">LU<\/span> 23894367<\/p>\n<p>If you have any ques\u00adtions about this site and its con\u00adtent or if you would like to con\u00adtact CoIn\u00advest s.\u00e0.r.l., please con\u00adsult the <a title=\"Kontakt\" href=\"https:\/\/coinvest.lu\/wp\/kontakt\/\">con\u00adtact<\/a> page which pro\u00advides all the nec\u00ades\u00adsary infor\u00adma\u00adtion. The whole of this site falls with\u00adin cur\u00adrent leg\u00adis\u00adla\u00adtion relat\u00ading to copy\u00adright and intel\u00adlec\u00adtu\u00adal prop\u00ader\u00adty rights. All rights of repro\u00adduc\u00adtion are reserved in rela\u00adtion to the texts, graph\u00adics and pho\u00adtos used on this site. The repro\u00adduc\u00adtion of all or part of this site on an elec\u00adtron\u00adic medi\u00adum or any oth\u00ader medi\u00adum of any descrip\u00adtion is for\u00admal\u00adly pro\u00adhib\u00adit\u00aded with\u00adout the express autho\u00adri\u00adsa\u00adtion of CoIn\u00advest s.\u00e0.r.l.<\/p>\n<p><strong>Cre\u00adat\u00aded&nbsp;by:<\/strong><br>\nmp mar\u00adket\u00ading <span class=\"amp\">&amp;<\/span> pro\u00admo\u00adtion&nbsp;GmbH<br>\nBr\u00e4uhausstra\u00dfe 4&nbsp;b<br>\n82152 Planegg<br>\n<a>info [at] mp-mar\u00adket\u00ading [dot]&nbsp;com<\/a><\/p>\n<\/div>\n<\/div><div class=\"bt_bb_separator bt_bb_border_style_none bt_bb_top_spacing_normal bt_bb_bottom_spacing_normal\" data-bt-override-class=\"null\"><\/div><header class=\"bt_bb_headline bt_bb_dash_none bt_bb_size_small bt_bb_align_left\" data-bt-override-class=\"{}\"><h1 class=\"bt_bb_headline_tag\"><span class=\"bt_bb_headline_content\"><span><strong>Disclaimer \/ Haftungsausschluss<\/strong><\/span><\/span><\/h1><\/header><div class=\"bt_bb_separator bt_bb_border_style_none bt_bb_bottom_spacing_small\" data-bt-override-class=\"null\"><\/div><div class=\"bt_bb_text\"><p><strong>Inhalt des Onlineangebotes<\/strong><br>\nCOINVEST BETEILIGUNGSMANAGEMENT LUXEMBOURG S. \u00c0 R. L. (CoIn\u00advest Lux) \u00fcbern\u00adimmt kein\u00ader\u00adlei Gew\u00e4hr f\u00fcr die Aktu\u00adal\u00adit\u00e4t, Kor\u00adrek\u00adtheit, Voll\u00adst\u00e4ndigkeit oder Qual\u00adit\u00e4t der bere\u00adit\u00adgestell\u00adten Infor\u00adma\u00adtio\u00adnen. Haf\u00adtungsanspr\u00fcche gegen COINVEST LUX, welche sich auf Sch\u00e4\u00adden materieller oder ideeller Art beziehen, die durch die Nutzung oder Nicht\u00adnutzung der darge\u00adbote\u00adnen Infor\u00adma\u00adtio\u00adnen bzw. durch die Nutzung fehler\u00adhafter und unvoll\u00adst\u00e4ndi\u00adger Infor\u00adma\u00adtio\u00adnen verur\u00adsacht wur\u00adden, sind grund\u00ads\u00e4t\u00adzlich aus\u00adgeschlossen, sofern seit\u00adens der COINVEST LUX kein nach\u00adweis\u00adlich vors\u00e4t\u00adzlich\u00ades oder grob fahrl\u00e4s\u00adsiges Ver\u00adschulden vorliegt.<\/p>\n<p>Alle Ange\u00adbote sind freibleibend und unverbindlich. COINVEST LUX beh\u00e4lt es sich aus\u00addr\u00fcck\u00adlich vor, Teile der Seit\u00aden oder das gesamte Ange\u00adbot ohne geson\u00adderte Ank\u00fcndi\u00adgung zu ver\u00e4n\u00addern, zu erg\u00e4nzen, zu l\u00f6schen oder die Ver\u00f6f\u00adfentlichung zeitweise oder endg\u00fcltig einzustellen.<\/p>\n<p><strong>Ver\u00adweise und&nbsp;Links<\/strong><br>\nBei direk\u00adten oder indi\u00adrek\u00adten Ver\u00adweisen auf fremde Inter\u00adnet\u00adseit\u00aden (\u201cLinks\u201d), die au\u00dfer\u00adhalb des Ver\u00adant\u00adwor\u00adtungs\u00adbere\u00adich\u00ades der&nbsp;COINVEST LUX liegen, w\u00fcrde eine Haf\u00adtungsverpflich\u00adtung auss\u00adchlie\u00dflich in dem Fall in Kraft treten, in dem die&nbsp;COINVEST LUX von den Inhal\u00adten Ken\u00adnt\u00adnis hat und es ihr tech\u00adnisch m\u00f6glich und zumut\u00adbar w\u00e4re, die Nutzung im Falle rechtswidriger Inhalte zu ver\u00adhin\u00addern.&nbsp;COINVEST LUX erk\u00adl\u00e4rt hier\u00admit aus\u00addr\u00fcck\u00adlich, dass zum Zeit\u00adpunkt der Linkset\u00adzung keine ille\u00adgalen Inhalte auf den zu ver\u00adlink\u00adenden Seit\u00aden erkennbar waren. Auf die aktuelle und zuk\u00fcn\u00adftige Gestal\u00adtung, die Inhalte oder die Urhe\u00adber\u00adschaft der gelinkten\/verkn\u00fcpften Seit\u00aden hat&nbsp;COINVEST LUX kein\u00ader\u00adlei Ein\u00adfluss. Deshalb dis\u00adtanziert sie sich hier\u00admit aus\u00addr\u00fcck\u00adlich von allen Inhal\u00adten aller gelinkten\/verkn\u00fcpften Seit\u00aden, die nach der Linkset\u00adzung ver\u00e4n\u00addert wur\u00adden. Diese Fest\u00adstel\u00adlung gilt f\u00fcr alle inner\u00adhalb des eige\u00adnen Inter\u00adne\u00adtange\u00adbotes geset\u00adzten Links und Ver\u00adweise sowie f\u00fcr Fremdein\u00adtr\u00e4ge in von&nbsp;COINVEST LUX ein\u00adgerichteten G\u00e4ste\u00adb\u00fcch\u00adern, Diskus\u00adsions\u00adforen oder Mail\u00adinglis\u00adten. F\u00fcr ille\u00adgale, fehler\u00adhafte oder unvoll\u00adst\u00e4ndi\u00adge Inhalte und ins\u00adbeson\u00addere f\u00fcr Sch\u00e4\u00adden, die aus der Nutzung oder Nicht\u00adnutzung solcher\u00adart darge\u00adboten\u00ader Infor\u00adma\u00adtio\u00adnen entste\u00adhen, haftet allein der Anbi\u00adeter der Seite, auf welche ver\u00adwiesen wurde, nicht der\u00adjenige, der \u00fcber Links auf die jew\u00adeilige Ver\u00f6f\u00adfentlichung lediglich verweist.<\/p>\n<p><strong>Urhe\u00adber- und Kennzeichenrecht<\/strong><br>\nCOINVEST LUX ist bestrebt, in allen Pub\u00adlika\u00adtio\u00adnen die Urhe\u00adber\u00adrechte der ver\u00adwen\u00adde\u00adten Grafiken, Ton\u00addoku\u00admente, Videose\u00adquen\u00adzen und Texte zu beacht\u00aden, von ihr selb\u00adst erstellte Grafiken, Ton\u00addoku\u00admente, Videose\u00adquen\u00adzen und Texte zu nutzen oder auf lizen\u00adzfreie Grafiken, Ton\u00addoku\u00admente, Videose\u00adquen\u00adzen und Texte zur\u00fcckzugreifen.<\/p>\n<p>Alle inner\u00adhalb des Inter\u00adne\u00adtange\u00adbotes genan\u00adnten und ggf. durch Dritte gesch\u00fctzten Marken- und Waren\u00adze\u00adichen unter\u00adliegen uneingeschr\u00e4nkt den Bes\u00adtim\u00admungen des jew\u00adeils g\u00fclti\u00adgen Kennze\u00adichen\u00adrechts und den Besitzrecht\u00aden der jew\u00adeili\u00adgen einge\u00adtra\u00adge\u00adnen Eigen\u00adt\u00fcmer. Allein auf\u00adgrund der blo\u00dfen Nen\u00adnung ist nicht der Schluss zu ziehen, dass Marken\u00adze\u00adichen nicht durch Rechte Drit\u00adter gesch\u00fctzt sind!<\/p>\n<p>Das Copy\u00adright f\u00fcr ver\u00f6f\u00adfentlichte, von&nbsp;COINVEST LUX selb\u00adst erstellte Objek\u00adte bleibt allein bei der&nbsp;COINVEST LUX und damit bei dem Autor der Seit\u00aden. Eine Vervielf\u00e4l\u00adti\u00adgung oder Ver\u00adwen\u00addung solch\u00ader Grafiken, Ton\u00addoku\u00admente, Videose\u00adquen\u00adzen und Texte in anderen elek\u00adtro\u00adn\u00adis\u00adchen oder gedruck\u00adten Pub\u00adlika\u00adtio\u00adnen ist ohne aus\u00addr\u00fcck\u00adliche Zus\u00adtim\u00admung der&nbsp;COINVEST LUX nicht gestattet.<\/p>\n<p><strong>Rechtswirk\u00adsamkeit dieses Haftungsausschlusses<\/strong><br>\nDieser Haf\u00adtungsauss\u00adchluss ist als Teil des Inter\u00adne\u00adtange\u00adbotes zu betra\u00adcht\u00aden, von dem aus auf diese Seite ver\u00adwiesen wurde. Sofern Teile oder einzelne For\u00admulierun\u00adgen dieses Textes der gel\u00adtenden Recht\u00adslage nicht, nicht mehr oder nicht voll\u00adst\u00e4ndig entsprechen soll\u00adten, bleiben die \u00fcbri\u00adgen Teile des Doku\u00admentes in ihrem Inhalt und ihrer G\u00fcltigkeit davon unber\u00fchrt.<\/p>\n<\/div><div class=\"bt_bb_separator bt_bb_border_style_none bt_bb_bottom_spacing_normal\" data-bt-override-class=\"null\"><\/div><\/div><\/div><\/div><div class=\"bt_bb_column col-xl-3 bt_bb_vertical_align_top bt_bb_align_left bt_bb_padding_normal\" data-width=\"3\" data-bt-override-class=\"{}\"><div class=\"bt_bb_column_content\"><div class=\"bt_bb_column_content_inner\"><\/div><\/div><\/div><\/div><\/div><\/div><\/div><\/div><\/section>","protected":false},"excerpt":{"rendered":"","protected":false},"author":1,"featured_media":0,"parent":0,"menu_order":7,"comment_status":"closed","ping_status":"closed","template":"","meta":{"wp_typography_post_enhancements_disabled":false},"_links":{"self":[{"href":"https:\/\/coinvest.lu\/2022\/wp-json\/wp\/v2\/pages\/71"}],"collection":[{"href":"https:\/\/coinvest.lu\/2022\/wp-json\/wp\/v2\/pages"}],"about":[{"href":"https:\/\/coinvest.lu\/2022\/wp-json\/wp\/v2\/types\/page"}],"author":[{"embeddable":true,"href":"https:\/\/coinvest.lu\/2022\/wp-json\/wp\/v2\/users\/1"}],"replies":[{"embeddable":true,"href":"https:\/\/coinvest.lu\/2022\/wp-json\/wp\/v2\/comments?post=71"}],"version-history":[{"count":4,"href":"https:\/\/coinvest.lu\/2022\/wp-json\/wp\/v2\/pages\/71\/revisions"}],"predecessor-version":[{"id":6237,"href":"https:\/\/coinvest.lu\/2022\/wp-json\/wp\/v2\/pages\/71\/revisions\/6237"}],"wp:attachment":[{"href":"https:\/\/coinvest.lu\/2022\/wp-json\/wp\/v2\/media?parent=71"}],"curies":[{"name":"wp","href":"https:\/\/api.w.org\/{rel}","templated":true}]}}